{"id":62,"date":"2025-07-11T21:07:18","date_gmt":"2025-07-11T19:07:18","guid":{"rendered":"https:\/\/kardiolog.bialystok.pl\/?page_id=62"},"modified":"2025-07-11T22:41:52","modified_gmt":"2025-07-11T20:41:52","slug":"home","status":"publish","type":"page","link":"https:\/\/kardiolog.bialystok.pl\/","title":{"rendered":"Home"},"content":{"rendered":"\t\t<div data-elementor-type=\"wp-page\" data-elementor-id=\"62\" class=\"elementor elementor-62\" data-elementor-post-type=\"page\">\n\t\t\t\t<div class=\"elementor-element elementor-element-6388371 e-con-full e-flex e-con e-parent\" data-id=\"6388371\" data-element_type=\"container\" data-e-type=\"container\">\n\t\t\t\t<div class=\"elementor-element elementor-element-e17a314 elementor--h-position-center elementor--v-position-middle elementor-arrows-position-inside elementor-pagination-position-inside elementor-widget elementor-widget-slides\" data-id=\"e17a314\" data-element_type=\"widget\" data-e-type=\"widget\" data-settings=\"{&quot;navigation&quot;:&quot;both&quot;,&quot;autoplay&quot;:&quot;yes&quot;,&quot;pause_on_hover&quot;:&quot;yes&quot;,&quot;pause_on_interaction&quot;:&quot;yes&quot;,&quot;autoplay_speed&quot;:5000,&quot;infinite&quot;:&quot;yes&quot;,&quot;transition&quot;:&quot;slide&quot;,&quot;transition_speed&quot;:500}\" data-widget_type=\"slides.default\">\n\t\t\t\t\t\t\t\t\t\t<div class=\"elementor-slides-wrapper elementor-main-swiper swiper\" role=\"region\" aria-roledescription=\"carousel\" aria-label=\"Slajdy\" dir=\"ltr\" data-animation=\"fadeInUp\">\n\t\t\t\t<div class=\"swiper-wrapper elementor-slides\">\n\t\t\t\t\t\t\t\t\t\t<div class=\"elementor-repeater-item-c07a508 swiper-slide\" role=\"group\" aria-roledescription=\"slide\"><div class=\"swiper-slide-bg\" role=\"img\" aria-label=\"kardiolog-bialystok-88022257_xl\"><\/div><div class=\"swiper-slide-inner\" ><div class=\"swiper-slide-contents\"><\/div><\/div><\/div><div class=\"elementor-repeater-item-fcd003b swiper-slide\" role=\"group\" aria-roledescription=\"slide\"><div class=\"swiper-slide-bg\" role=\"img\" aria-label=\"kardiolog-bialystok-125850044_xl\"><\/div><div class=\"swiper-slide-inner\" ><div class=\"swiper-slide-contents\"><\/div><\/div><\/div>\t\t\t\t<\/div>\n\t\t\t\t\t\t\t\t\t\t\t\t\t\t\t<div class=\"elementor-swiper-button elementor-swiper-button-prev\" role=\"button\" tabindex=\"0\" aria-label=\"Previous slide\">\n\t\t\t\t\t\t\t<svg aria-hidden=\"true\" class=\"e-font-icon-svg e-eicon-chevron-left\" viewBox=\"0 0 1000 1000\" xmlns=\"http:\/\/www.w3.org\/2000\/svg\"><path d=\"M646 125C629 125 613 133 604 142L308 442C296 454 292 471 292 487 292 504 296 521 308 533L604 854C617 867 629 875 646 875 663 875 679 871 692 858 704 846 713 829 713 812 713 796 708 779 692 767L438 487 692 225C700 217 708 204 708 187 708 171 704 154 692 142 675 129 663 125 646 125Z\"><\/path><\/svg>\t\t\t\t\t\t<\/div>\n\t\t\t\t\t\t<div class=\"elementor-swiper-button elementor-swiper-button-next\" role=\"button\" tabindex=\"0\" aria-label=\"Next slide\">\n\t\t\t\t\t\t\t<svg aria-hidden=\"true\" class=\"e-font-icon-svg e-eicon-chevron-right\" viewBox=\"0 0 1000 1000\" xmlns=\"http:\/\/www.w3.org\/2000\/svg\"><path d=\"M696 533C708 521 713 504 713 487 713 471 708 454 696 446L400 146C388 133 375 125 354 125 338 125 325 129 313 142 300 154 292 171 292 187 292 204 296 221 308 233L563 492 304 771C292 783 288 800 288 817 288 833 296 850 308 863 321 871 338 875 354 875 371 875 388 867 400 854L696 533Z\"><\/path><\/svg>\t\t\t\t\t\t<\/div>\n\t\t\t\t\t\t\t\t\t\t\t\t\t\t\t\t<div class=\"swiper-pagination\"><\/div>\n\t\t\t\t\t\t\t\t\t\t\t\t<\/div>\n\t\t\t\t\t\t\t\t<\/div>\n\t\t\t\t<\/div>\n\t\t<div class=\"elementor-element elementor-element-942087d e-flex e-con-boxed e-con e-parent\" data-id=\"942087d\" data-element_type=\"container\" data-e-type=\"container\">\n\t\t\t\t\t<div class=\"e-con-inner\">\n\t\t<div class=\"elementor-element elementor-element-43acad8 e-con-full e-flex e-con e-child\" data-id=\"43acad8\" data-element_type=\"container\" data-e-type=\"container\">\n\t\t\t\t<div class=\"elementor-element elementor-element-b7cccd3 elementor-widget elementor-widget-image\" data-id=\"b7cccd3\" data-element_type=\"widget\" data-e-type=\"widget\" data-widget_type=\"image.default\">\n\t\t\t\t\t\t\t\t\t\t\t\t\t\t\t<img fetchpriority=\"high\" decoding=\"async\" width=\"363\" height=\"510\" src=\"https:\/\/kardiolog.bialystok.pl\/wp-content\/uploads\/2025\/07\/kardiolog-bialystok-kardiolog_2-363x510-1.webp\" class=\"attachment-large size-large wp-image-36\" alt=\"\" srcset=\"https:\/\/kardiolog.bialystok.pl\/wp-content\/uploads\/2025\/07\/kardiolog-bialystok-kardiolog_2-363x510-1.webp 363w, https:\/\/kardiolog.bialystok.pl\/wp-content\/uploads\/2025\/07\/kardiolog-bialystok-kardiolog_2-363x510-1-214x300.webp 214w\" sizes=\"(max-width: 363px) 100vw, 363px\" \/>\t\t\t\t\t\t\t\t\t\t\t\t\t\t\t<\/div>\n\t\t\t\t<\/div>\n\t\t<div class=\"elementor-element elementor-element-e60b1cd e-con-full e-flex e-con e-child\" data-id=\"e60b1cd\" data-element_type=\"container\" data-e-type=\"container\">\n\t\t\t\t<div class=\"elementor-element elementor-element-b847feb elementor-widget elementor-widget-spacer\" data-id=\"b847feb\" data-element_type=\"widget\" data-e-type=\"widget\" data-widget_type=\"spacer.default\">\n\t\t\t\t\t\t\t<div class=\"elementor-spacer\">\n\t\t\t<div class=\"elementor-spacer-inner\"><\/div>\n\t\t<\/div>\n\t\t\t\t\t\t<\/div>\n\t\t\t\t<div class=\"elementor-element elementor-element-83d4014 elementor-widget elementor-widget-heading\" data-id=\"83d4014\" data-element_type=\"widget\" data-e-type=\"widget\" data-widget_type=\"heading.default\">\n\t\t\t\t\t<h2 class=\"elementor-heading-title elementor-size-default\">Dr hab. n. med. Anna Lisowska - kardiolog, angiolog, specjalista chor\u00f3b wewn\u0119trznych.<\/h2>\t\t\t\t<\/div>\n\t\t\t\t<div class=\"elementor-element elementor-element-c77b9fe elementor-widget elementor-widget-text-editor\" data-id=\"c77b9fe\" data-element_type=\"widget\" data-e-type=\"widget\" data-widget_type=\"text-editor.default\">\n\t\t\t\t\t\t\t\t\t<p>Dr hab. n. med. Anna Lisowska uko\u0144czy\u0142a Wydzia\u0142 Lekarski na Uniwersytecie Medycznym w Bia\u0142ymstoku w 1997 roku. Przez ca\u0142y okres swojej pracy zawodowej pracuje w Klinice Kardiologii w Uniwersyteckim Szpitalu Klinicznym w Bia\u0142ymstoku.<\/p>\n<p>W 2001 roku uzyska\u0142a specjalizacj\u0119 I stopnia z chor\u00f3b wewn\u0119trznych, a w 2006 roku specjalizacj\u0119 II stopnia z chor\u00f3b wewn\u0119trznych. W 2005 roku otrzyma\u0142a tytu\u0142 doktora nauk medycznych na Wydziale Lekarskim Uniwersytetu Medycznego w Bia\u0142ymstoku.<\/p>\n<p>W 2009 roku uzyska\u0142a specjalizacj\u0119 z kardiologii. Szczeg\u00f3lnym kierunkiem jej zainteresowa\u0144 w dziedzinie kardiologii jest echokardiografia. Badania echokardiograficzne wykonuje od kilkunastu lat, st\u0105d jej ogromne do\u015bwiadczenie w tej dziedzinie potwierdzone licznymi certyfikatami \u2013 w tym Akredytacja II stopnia Polskiego Towarzystwa Kardiologicznego. Docent Anna Lisowska jest cz\u0142onkiem Polskiego i Europejskiego Towarzystwa Kardiologicznego oraz Polskiego Towarzystwa Angiologicznego, autorem licznych prac naukowych.<\/p>\t\t\t\t\t\t\t\t<\/div>\n\t\t\t\t<\/div>\n\t\t\t\t\t<\/div>\n\t\t\t\t<\/div>\n\t\t<div class=\"elementor-element elementor-element-55cec7b e-flex e-con-boxed e-con e-parent\" data-id=\"55cec7b\" data-element_type=\"container\" data-e-type=\"container\">\n\t\t\t\t\t<div class=\"e-con-inner\">\n\t\t<div class=\"elementor-element elementor-element-21213ba e-con-full e-flex e-con e-child\" data-id=\"21213ba\" data-element_type=\"container\" data-e-type=\"container\">\n\t\t\t\t<div class=\"elementor-element elementor-element-2ea2f17 elementor-widget elementor-widget-text-editor\" data-id=\"2ea2f17\" data-element_type=\"widget\" data-e-type=\"widget\" data-widget_type=\"text-editor.default\">\n\t\t\t\t\t\t\t\t\t<p>Uczestniczy\u0142am w wielu konferencjach i szkoleniach zar\u00f3wno polskich, jak i zagranicznych. W pa\u017adzierniku 2016 roku uzyska\u0142am stopie\u0144 doktora habilitowanego w dziedzinie nauk medycznych.<\/p>\n<p>Podsumowaniem wieloletnich bada\u0144 naukowych w zakresie mia\u017cd\u017cycy t\u0119tnic sta\u0142a si\u0119 kolejna specjalizacja w dziedzinie chor\u00f3b naczy\u0144 \u2013 angiologia, kt\u00f3r\u0105 docent Anna Lisowska uzyska\u0142a w 2020 roku.<\/p>\n<p>Jest niew\u0105tpliwym ekspertem w zakresie bada\u0144 ultrasonograficznych t\u0119tnic dom\u00f3zgowych.<\/p>\t\t\t\t\t\t\t\t<\/div>\n\t\t\t\t<div class=\"elementor-element elementor-element-c20deab elementor-widget elementor-widget-heading\" data-id=\"c20deab\" data-element_type=\"widget\" data-e-type=\"widget\" data-widget_type=\"heading.default\">\n\t\t\t\t\t<h2 class=\"elementor-heading-title elementor-size-default\">Jestem jedynym praktykuj\u0105cym na Podlasiu kardiologiem i angiologiem.<\/h2>\t\t\t\t<\/div>\n\t\t\t\t<\/div>\n\t\t\t\t\t<\/div>\n\t\t\t\t<\/div>\n\t\t<div class=\"elementor-element elementor-element-0e315e1 e-flex e-con-boxed e-con e-parent\" data-id=\"0e315e1\" data-element_type=\"container\" data-e-type=\"container\">\n\t\t\t\t\t<div class=\"e-con-inner\">\n\t\t\t\t<div class=\"elementor-element elementor-element-ea7a884 elementor-widget elementor-widget-spacer\" data-id=\"ea7a884\" data-element_type=\"widget\" data-e-type=\"widget\" data-widget_type=\"spacer.default\">\n\t\t\t\t\t\t\t<div class=\"elementor-spacer\">\n\t\t\t<div class=\"elementor-spacer-inner\"><\/div>\n\t\t<\/div>\n\t\t\t\t\t\t<\/div>\n\t\t\t\t\t<\/div>\n\t\t\t\t<\/div>\n\t\t<div class=\"elementor-element elementor-element-aa35921 e-flex e-con-boxed e-con e-parent\" data-id=\"aa35921\" data-element_type=\"container\" data-e-type=\"container\">\n\t\t\t\t\t<div class=\"e-con-inner\">\n\t\t<div class=\"elementor-element elementor-element-266dd56 e-con-full e-flex e-con e-child\" data-id=\"266dd56\" data-element_type=\"container\" data-e-type=\"container\" data-settings=\"{&quot;background_background&quot;:&quot;classic&quot;}\">\n\t\t\t\t<\/div>\n\t\t<div class=\"elementor-element elementor-element-d0f5e6d e-con-full e-flex e-con e-child\" data-id=\"d0f5e6d\" data-element_type=\"container\" data-e-type=\"container\">\n\t\t\t\t<div class=\"elementor-element elementor-element-b3654bf elementor-widget elementor-widget-heading\" data-id=\"b3654bf\" data-element_type=\"widget\" data-e-type=\"widget\" data-widget_type=\"heading.default\">\n\t\t\t\t\t<h2 class=\"elementor-heading-title elementor-size-default\">Zakres dzia\u0142alno\u015bci<\/h2>\t\t\t\t<\/div>\n\t\t\t\t<div class=\"elementor-element elementor-element-897463d elementor-widget elementor-widget-text-editor\" data-id=\"897463d\" data-element_type=\"widget\" data-e-type=\"widget\" data-widget_type=\"text-editor.default\">\n\t\t\t\t\t\t\t\t\t<ul>\n<li>badania ECHO serca;<\/li>\n<li>diagnostyka i farmakologiczne leczenie wad serca;<\/li>\n<li>leczenie nadci\u015bnienia t\u0119tniczego;<\/li>\n<li>leczenie choroby wie\u0144cowej;<\/li>\n<li>leczenie niewydolno\u015bci serca;<\/li>\n<li>leczenie farmakologiczne zaburze\u0144 rytmu serca;<\/li>\n<li>leczenie zaburze\u0144 lipidowych (hipercholesterolemii i hipertriglicerydemii);<\/li>\n<li>badania USG Doppler t\u0119tnic szyjnych.<\/li>\n<\/ul>\t\t\t\t\t\t\t\t<\/div>\n\t\t\t\t<\/div>\n\t\t\t\t\t<\/div>\n\t\t\t\t<\/div>\n\t\t\t\t<\/div>\n\t\t","protected":false},"excerpt":{"rendered":"<p>Dr hab. n. med. Anna Lisowska &#8211; kardiolog, angiolog, specjalista chor\u00f3b wewn\u0119trznych. Dr hab. n. med. Anna Lisowska uko\u0144czy\u0142a Wydzia\u0142 Lekarski na Uniwersytecie Medycznym w Bia\u0142ymstoku w 1997 roku. Przez ca\u0142y okres swojej pracy zawodowej pracuje w Klinice Kardiologii w Uniwersyteckim Szpitalu Klinicznym w Bia\u0142ymstoku. W 2001 roku uzyska\u0142a specjalizacj\u0119 I stopnia z chor\u00f3b wewn\u0119trznych, [&hellip;]<\/p>\n","protected":false},"author":1,"featured_media":0,"parent":0,"menu_order":0,"comment_status":"closed","ping_status":"closed","template":"","meta":{"footnotes":""},"class_list":["post-62","page","type-page","status-publish","hentry"],"_links":{"self":[{"href":"https:\/\/kardiolog.bialystok.pl\/index.php\/wp-json\/wp\/v2\/pages\/62","targetHints":{"allow":["GET"]}}],"collection":[{"href":"https:\/\/kardiolog.bialystok.pl\/index.php\/wp-json\/wp\/v2\/pages"}],"about":[{"href":"https:\/\/kardiolog.bialystok.pl\/index.php\/wp-json\/wp\/v2\/types\/page"}],"author":[{"embeddable":true,"href":"https:\/\/kardiolog.bialystok.pl\/index.php\/wp-json\/wp\/v2\/users\/1"}],"replies":[{"embeddable":true,"href":"https:\/\/kardiolog.bialystok.pl\/index.php\/wp-json\/wp\/v2\/comments?post=62"}],"version-history":[{"count":19,"href":"https:\/\/kardiolog.bialystok.pl\/index.php\/wp-json\/wp\/v2\/pages\/62\/revisions"}],"predecessor-version":[{"id":150,"href":"https:\/\/kardiolog.bialystok.pl\/index.php\/wp-json\/wp\/v2\/pages\/62\/revisions\/150"}],"wp:attachment":[{"href":"https:\/\/kardiolog.bialystok.pl\/index.php\/wp-json\/wp\/v2\/media?parent=62"}],"curies":[{"name":"wp","href":"https:\/\/api.w.org\/{rel}","templated":true}]}}